{"id":10,"date":"2021-03-10T11:59:17","date_gmt":"2021-03-10T14:59:17","guid":{"rendered":"https:\/\/sisvida.com.br\/?page_id=10"},"modified":"2025-10-29T16:22:24","modified_gmt":"2025-10-29T19:22:24","slug":"quem-somos","status":"publish","type":"page","link":"https:\/\/sisvida.com.br\/index.php\/quem-somos\/","title":{"rendered":"Quem Somos"},"content":{"rendered":"\t\t<div data-elementor-type=\"wp-page\" data-elementor-id=\"10\" class=\"elementor elementor-10\">\n\t\t\t\t\t\t<section class=\"elementor-section elementor-top-section elementor-element elementor-element-5e2410d6 elementor-section-boxed elementor-section-height-default elementor-section-height-default\" data-id=\"5e2410d6\" data-element_type=\"section\" data-e-type=\"section\" data-settings=\"{&quot;background_background&quot;:&quot;classic&quot;}\">\n\t\t\t\t\t\t<div class=\"elementor-container elementor-column-gap-no\">\n\t\t\t\t\t<div class=\"elementor-column elementor-col-100 elementor-top-column elementor-element elementor-element-168373\" data-id=\"168373\" data-element_type=\"column\" data-e-type=\"column\">\n\t\t\t<div class=\"elementor-widget-wrap elementor-element-populated\">\n\t\t\t\t\t\t\t<\/div>\n\t\t<\/div>\n\t\t\t\t\t<\/div>\n\t\t<\/section>\n\t\t\t\t<section class=\"elementor-section elementor-top-section elementor-element elementor-element-21452759 elementor-section-boxed elementor-section-height-default elementor-section-height-default\" data-id=\"21452759\" data-element_type=\"section\" data-e-type=\"section\">\n\t\t\t\t\t\t<div class=\"elementor-container elementor-column-gap-no\">\n\t\t\t\t\t<div class=\"elementor-column elementor-col-100 elementor-top-column elementor-element elementor-element-3941cd80\" data-id=\"3941cd80\" data-element_type=\"column\" data-e-type=\"column\">\n\t\t\t<div class=\"elementor-widget-wrap elementor-element-populated\">\n\t\t\t\t\t\t<section class=\"elementor-section elementor-inner-section elementor-element elementor-element-37a204e8 elementor-section-content-middle elementor-section-boxed elementor-section-height-default elementor-section-height-default\" data-id=\"37a204e8\" data-element_type=\"section\" data-e-type=\"section\">\n\t\t\t\t\t\t<div class=\"elementor-container elementor-column-gap-no\">\n\t\t\t\t\t<div class=\"elementor-column elementor-col-50 elementor-inner-column elementor-element elementor-element-2900f61b\" data-id=\"2900f61b\" data-element_type=\"column\" data-e-type=\"column\">\n\t\t\t<div class=\"elementor-widget-wrap elementor-element-populated\">\n\t\t\t\t\t\t<div class=\"elementor-element elementor-element-41a1c6ce elementor-widget elementor-widget-image\" data-id=\"41a1c6ce\" data-element_type=\"widget\" data-e-type=\"widget\" data-widget_type=\"image.default\">\n\t\t\t\t<div class=\"elementor-widget-container\">\n\t\t\t\t\t\t\t\t\t\t\t\t\t\t\t<img fetchpriority=\"high\" decoding=\"async\" width=\"800\" height=\"800\" src=\"https:\/\/sisvida.com.br\/wp-content\/uploads\/2021\/05\/logo-tech1.png\" class=\"attachment-full size-full wp-image-185\" alt=\"\" srcset=\"https:\/\/sisvida.com.br\/wp-content\/uploads\/2021\/05\/logo-tech1.png 800w, https:\/\/sisvida.com.br\/wp-content\/uploads\/2021\/05\/logo-tech1-300x300.png 300w, https:\/\/sisvida.com.br\/wp-content\/uploads\/2021\/05\/logo-tech1-150x150.png 150w, https:\/\/sisvida.com.br\/wp-content\/uploads\/2021\/05\/logo-tech1-768x768.png 768w\" sizes=\"(max-width: 800px) 100vw, 800px\" \/>\t\t\t\t\t\t\t\t\t\t\t\t\t\t\t<\/div>\n\t\t\t\t<\/div>\n\t\t\t\t\t<\/div>\n\t\t<\/div>\n\t\t\t\t<div class=\"elementor-column elementor-col-50 elementor-inner-column elementor-element elementor-element-28e5226c\" data-id=\"28e5226c\" data-element_type=\"column\" data-e-type=\"column\">\n\t\t\t<div class=\"elementor-widget-wrap elementor-element-populated\">\n\t\t\t\t\t\t<div class=\"elementor-element elementor-element-3e762304 elementor-widget elementor-widget-heading\" data-id=\"3e762304\" data-element_type=\"widget\" data-e-type=\"widget\" data-widget_type=\"heading.default\">\n\t\t\t\t<div class=\"elementor-widget-container\">\n\t\t\t\t\t<h2 class=\"elementor-heading-title elementor-size-default\">A Techmobil<\/h2>\t\t\t\t<\/div>\n\t\t\t\t<\/div>\n\t\t\t\t<div class=\"elementor-element elementor-element-1e65f4ea elementor-widget elementor-widget-text-editor\" data-id=\"1e65f4ea\" data-element_type=\"widget\" data-e-type=\"widget\" data-widget_type=\"text-editor.default\">\n\t\t\t\t<div class=\"elementor-widget-container\">\n\t\t\t\t\t\t\t\t\t<p>A Techmobil foi criada em janeiro de 2005 e desde ent\u00e3o trabalha no desenvolvimento de solu\u00e7\u00f5es em software sempre buscando a inova\u00e7\u00e3o, mobilidade, confiabilidade, alta disponibilidade e desempenho.<br \/><br \/>J\u00e1 tendo desenvolvido diversos outros sistemas, atualmente a Techmobil dedica-se exclusivamente \u00e0 evolu\u00e7\u00e3o, manuten\u00e7\u00e3o, implanta\u00e7\u00e3o e suporte do VIDA.<\/p>\t\t\t\t\t\t\t\t<\/div>\n\t\t\t\t<\/div>\n\t\t\t\t\t<\/div>\n\t\t<\/div>\n\t\t\t\t\t<\/div>\n\t\t<\/section>\n\t\t\t\t<section class=\"elementor-section elementor-inner-section elementor-element elementor-element-16c3f7ab elementor-section-content-middle elementor-reverse-tablet elementor-reverse-mobile elementor-section-boxed elementor-section-height-default elementor-section-height-default\" data-id=\"16c3f7ab\" data-element_type=\"section\" data-e-type=\"section\">\n\t\t\t\t\t\t<div class=\"elementor-container elementor-column-gap-no\">\n\t\t\t\t\t<div class=\"elementor-column elementor-col-50 elementor-inner-column elementor-element elementor-element-4b5480d\" data-id=\"4b5480d\" data-element_type=\"column\" data-e-type=\"column\">\n\t\t\t<div class=\"elementor-widget-wrap elementor-element-populated\">\n\t\t\t\t\t\t<div class=\"elementor-element elementor-element-42485ae3 elementor-widget elementor-widget-text-editor\" data-id=\"42485ae3\" data-element_type=\"widget\" data-e-type=\"widget\" data-widget_type=\"text-editor.default\">\n\t\t\t\t<div class=\"elementor-widget-container\">\n\t\t\t\t\t\t\t\t\t<p>O Sistema VIDA \u00e9 software completo para gest\u00e3o de laborat\u00f3rios de an\u00e1lises cl\u00ednicas que come\u00e7ou a ser desenvolvido pela Techmobil no ano de 2008.<\/p>\n<p>O VIDA est\u00e1 em opera\u00e7\u00e3o desde janeiro de 2010, quando iniciou no primeiro cliente.<\/p>\n<p>De l\u00e1 at\u00e9 aqui, o VIDA se espalhou por todo o Brasil, s\u00e3o mais de 600 clientes distribu\u00eddos em todos os estados do pa\u00eds.<\/p>\t\t\t\t\t\t\t\t<\/div>\n\t\t\t\t<\/div>\n\t\t\t\t\t<\/div>\n\t\t<\/div>\n\t\t\t\t<div class=\"elementor-column elementor-col-50 elementor-inner-column elementor-element elementor-element-4b925998\" data-id=\"4b925998\" data-element_type=\"column\" data-e-type=\"column\">\n\t\t\t<div class=\"elementor-widget-wrap elementor-element-populated\">\n\t\t\t\t\t\t<div class=\"elementor-element elementor-element-3cc2ea5e elementor-widget elementor-widget-image\" data-id=\"3cc2ea5e\" data-element_type=\"widget\" data-e-type=\"widget\" data-widget_type=\"image.default\">\n\t\t\t\t<div class=\"elementor-widget-container\">\n\t\t\t\t\t\t\t\t\t\t\t\t\t\t\t<img decoding=\"async\" width=\"800\" height=\"800\" src=\"https:\/\/sisvida.com.br\/wp-content\/uploads\/2021\/05\/sisvida-quem-somos2.png\" class=\"attachment-full size-full wp-image-186\" alt=\"\" srcset=\"https:\/\/sisvida.com.br\/wp-content\/uploads\/2021\/05\/sisvida-quem-somos2.png 800w, https:\/\/sisvida.com.br\/wp-content\/uploads\/2021\/05\/sisvida-quem-somos2-300x300.png 300w, https:\/\/sisvida.com.br\/wp-content\/uploads\/2021\/05\/sisvida-quem-somos2-150x150.png 150w, https:\/\/sisvida.com.br\/wp-content\/uploads\/2021\/05\/sisvida-quem-somos2-768x768.png 768w\" sizes=\"(max-width: 800px) 100vw, 800px\" \/>\t\t\t\t\t\t\t\t\t\t\t\t\t\t\t<\/div>\n\t\t\t\t<\/div>\n\t\t\t\t\t<\/div>\n\t\t<\/div>\n\t\t\t\t\t<\/div>\n\t\t<\/section>\n\t\t\t\t\t<\/div>\n\t\t<\/div>\n\t\t\t\t\t<\/div>\n\t\t<\/section>\n\t\t\t\t<section class=\"elementor-section elementor-top-section elementor-element elementor-element-53b42403 elementor-section-boxed elementor-section-height-default elementor-section-height-default\" data-id=\"53b42403\" data-element_type=\"section\" data-e-type=\"section\" data-settings=\"{&quot;background_background&quot;:&quot;classic&quot;}\">\n\t\t\t\t\t\t\t<div class=\"elementor-background-overlay\"><\/div>\n\t\t\t\t\t\t\t<div class=\"elementor-container elementor-column-gap-default\">\n\t\t\t\t\t<div class=\"elementor-column elementor-col-100 elementor-top-column elementor-element elementor-element-4052f470\" data-id=\"4052f470\" data-element_type=\"column\" data-e-type=\"column\">\n\t\t\t<div class=\"elementor-widget-wrap elementor-element-populated\">\n\t\t\t\t\t\t<div class=\"elementor-element elementor-element-3bb56448 elementor-widget elementor-widget-heading\" data-id=\"3bb56448\" data-element_type=\"widget\" data-e-type=\"widget\" data-widget_type=\"heading.default\">\n\t\t\t\t<div class=\"elementor-widget-container\">\n\t\t\t\t\t<h2 class=\"elementor-heading-title elementor-size-default\">Veja como o Vida pode resolver seus problemas<\/h2>\t\t\t\t<\/div>\n\t\t\t\t<\/div>\n\t\t\t\t<div class=\"elementor-element elementor-element-44660f9 elementor-align-center elementor-widget elementor-widget-button\" data-id=\"44660f9\" data-element_type=\"widget\" data-e-type=\"widget\" data-widget_type=\"button.default\">\n\t\t\t\t<div class=\"elementor-widget-container\">\n\t\t\t\t\t\t\t\t\t<div class=\"elementor-button-wrapper\">\n\t\t\t\t\t<a class=\"elementor-button elementor-button-link elementor-size-md elementor-animation-grow\" href=\"https:\/\/sisvida.com.br\/index.php\/software\/\">\n\t\t\t\t\t\t<span class=\"elementor-button-content-wrapper\">\n\t\t\t\t\t\t<span class=\"elementor-button-icon\">\n\t\t\t\t<i aria-hidden=\"true\" class=\"fas fa-long-arrow-alt-right\"><\/i>\t\t\t<\/span>\n\t\t\t\t\t\t\t\t\t<span class=\"elementor-button-text\">Conhe\u00e7a nosso Software<\/span>\n\t\t\t\t\t<\/span>\n\t\t\t\t\t<\/a>\n\t\t\t\t<\/div>\n\t\t\t\t\t\t\t\t<\/div>\n\t\t\t\t<\/div>\n\t\t\t\t\t<\/div>\n\t\t<\/div>\n\t\t\t\t\t<\/div>\n\t\t<\/section>\n\t\t\t\t<\/div>\n\t\t","protected":false},"excerpt":{"rendered":"<p>A Techmobil A Techmobil foi criada em janeiro de 2005 e desde ent\u00e3o trabalha no desenvolvimento de solu\u00e7\u00f5es em software sempre buscando a inova\u00e7\u00e3o, mobilidade, confiabilidade, alta disponibilidade e desempenho. J\u00e1 tendo desenvolvido diversos outros sistemas, atualmente a Techmobil dedica-se exclusivamente \u00e0 evolu\u00e7\u00e3o, manuten\u00e7\u00e3o, implanta\u00e7\u00e3o e suporte do VIDA. O Sistema VIDA \u00e9 software completo [&hellip;]<\/p>\n","protected":false},"author":1,"featured_media":0,"parent":0,"menu_order":0,"comment_status":"closed","ping_status":"closed","template":"","meta":{"site-sidebar-layout":"no-sidebar","site-content-layout":"page-builder","ast-site-content-layout":"default","site-content-style":"default","site-sidebar-style":"default","ast-global-header-display":"","ast-banner-title-visibility":"","ast-main-header-display":"disabled","ast-hfb-above-header-display":"","ast-hfb-below-header-display":"","ast-hfb-mobile-header-display":"disabled","site-post-title":"disabled","ast-breadcrumbs-content":"","ast-featured-img":"disabled","footer-sml-layout":"disabled","ast-disable-related-posts":"","theme-transparent-header-meta":"default","adv-header-id-meta":"","stick-header-meta":"","header-above-stick-meta":"","header-main-stick-meta":"","header-below-stick-meta":"","astra-migrate-meta-layouts":"default","ast-page-background-enabled":"default","ast-page-background-meta":{"desktop":{"background-color":"","background-image":"","background-repeat":"repeat","background-position":"center center","background-size":"auto","background-attachment":"scroll","background-type":"","background-media":"","overlay-type":"","overlay-color":"","overlay-opacity":"","overlay-gradient":""},"tablet":{"background-color":"","background-image":"","background-repeat":"repeat","background-position":"center center","background-size":"auto","background-attachment":"scroll","background-type":"","background-media":"","overlay-type":"","overlay-color":"","overlay-opacity":"","overlay-gradient":""},"mobile":{"background-color":"","background-image":"","background-repeat":"repeat","background-position":"center center","background-size":"auto","background-attachment":"scroll","background-type":"","background-media":"","overlay-type":"","overlay-color":"","overlay-opacity":"","overlay-gradient":""}},"ast-content-background-meta":{"desktop":{"background-color":"var(--ast-global-color-5)","background-image":"","background-repeat":"repeat","background-position":"center center","background-size":"auto","background-attachment":"scroll","background-type":"","background-media":"","overlay-type":"","overlay-color":"","overlay-opacity":"","overlay-gradient":""},"tablet":{"background-color":"var(--ast-global-color-5)","background-image":"","background-repeat":"repeat","background-position":"center center","background-size":"auto","background-attachment":"scroll","background-type":"","background-media":"","overlay-type":"","overlay-color":"","overlay-opacity":"","overlay-gradient":""},"mobile":{"background-color":"var(--ast-global-color-5)","background-image":"","background-repeat":"repeat","background-position":"center center","background-size":"auto","background-attachment":"scroll","background-type":"","background-media":"","overlay-type":"","overlay-color":"","overlay-opacity":"","overlay-gradient":""}},"footnotes":""},"class_list":["post-10","page","type-page","status-publish","hentry"],"yoast_head":"<!-- This site is optimized with the Yoast SEO Premium plugin v18.7 (Yoast SEO v27.6) - https:\/\/yoast.com\/product\/yoast-seo-premium-wordpress\/ -->\n<title>Quem Somos - VIDA - Software para Laborat\u00f3rio<\/title>\n<meta name=\"robots\" content=\"index, follow, max-snippet:-1, max-image-preview:large, max-video-preview:-1\" \/>\n<link rel=\"canonical\" href=\"https:\/\/sisvida.com.br\/index.php\/quem-somos\/\" \/>\n<meta property=\"og:locale\" content=\"pt_BR\" \/>\n<meta property=\"og:type\" content=\"article\" \/>\n<meta property=\"og:title\" content=\"Quem Somos\" \/>\n<meta property=\"og:description\" content=\"A Techmobil A Techmobil foi criada em janeiro de 2005 e desde ent\u00e3o trabalha no desenvolvimento de solu\u00e7\u00f5es em software sempre buscando a inova\u00e7\u00e3o, mobilidade, confiabilidade, alta disponibilidade e desempenho. J\u00e1 tendo desenvolvido diversos outros sistemas, atualmente a Techmobil dedica-se exclusivamente \u00e0 evolu\u00e7\u00e3o, manuten\u00e7\u00e3o, implanta\u00e7\u00e3o e suporte do VIDA. O Sistema VIDA \u00e9 software completo [&hellip;]\" \/>\n<meta property=\"og:url\" content=\"https:\/\/sisvida.com.br\/index.php\/quem-somos\/\" \/>\n<meta property=\"og:site_name\" content=\"VIDA - Software para Laborat\u00f3rio\" \/>\n<meta property=\"article:modified_time\" content=\"2025-10-29T19:22:24+00:00\" \/>\n<meta property=\"og:image\" content=\"https:\/\/sisvida.com.br\/wp-content\/uploads\/2021\/05\/logo-tech1.png\" \/>\n<meta name=\"twitter:card\" content=\"summary_large_image\" \/>\n<meta name=\"twitter:label1\" content=\"Est. tempo de leitura\" \/>\n\t<meta name=\"twitter:data1\" content=\"2 minutos\" \/>\n<script type=\"application\/ld+json\" class=\"yoast-schema-graph\">{\"@context\":\"https:\\\/\\\/schema.org\",\"@graph\":[{\"@type\":\"WebPage\",\"@id\":\"https:\\\/\\\/sisvida.com.br\\\/index.php\\\/quem-somos\\\/\",\"url\":\"https:\\\/\\\/sisvida.com.br\\\/index.php\\\/quem-somos\\\/\",\"name\":\"Quem Somos - VIDA - Software para Laborat\u00f3rio\",\"isPartOf\":{\"@id\":\"https:\\\/\\\/sisvida.com.br\\\/#website\"},\"primaryImageOfPage\":{\"@id\":\"https:\\\/\\\/sisvida.com.br\\\/index.php\\\/quem-somos\\\/#primaryimage\"},\"image\":{\"@id\":\"https:\\\/\\\/sisvida.com.br\\\/index.php\\\/quem-somos\\\/#primaryimage\"},\"thumbnailUrl\":\"https:\\\/\\\/sisvida.com.br\\\/wp-content\\\/uploads\\\/2021\\\/05\\\/logo-tech1.png\",\"datePublished\":\"2021-03-10T14:59:17+00:00\",\"dateModified\":\"2025-10-29T19:22:24+00:00\",\"breadcrumb\":{\"@id\":\"https:\\\/\\\/sisvida.com.br\\\/index.php\\\/quem-somos\\\/#breadcrumb\"},\"inLanguage\":\"pt-BR\",\"potentialAction\":[{\"@type\":\"ReadAction\",\"target\":[\"https:\\\/\\\/sisvida.com.br\\\/index.php\\\/quem-somos\\\/\"]}]},{\"@type\":\"ImageObject\",\"inLanguage\":\"pt-BR\",\"@id\":\"https:\\\/\\\/sisvida.com.br\\\/index.php\\\/quem-somos\\\/#primaryimage\",\"url\":\"https:\\\/\\\/sisvida.com.br\\\/wp-content\\\/uploads\\\/2021\\\/05\\\/logo-tech1.png\",\"contentUrl\":\"https:\\\/\\\/sisvida.com.br\\\/wp-content\\\/uploads\\\/2021\\\/05\\\/logo-tech1.png\",\"width\":800,\"height\":800},{\"@type\":\"BreadcrumbList\",\"@id\":\"https:\\\/\\\/sisvida.com.br\\\/index.php\\\/quem-somos\\\/#breadcrumb\",\"itemListElement\":[{\"@type\":\"ListItem\",\"position\":1,\"name\":\"In\u00edcio\",\"item\":\"https:\\\/\\\/sisvida.com.br\\\/\"},{\"@type\":\"ListItem\",\"position\":2,\"name\":\"Quem Somos\"}]},{\"@type\":\"WebSite\",\"@id\":\"https:\\\/\\\/sisvida.com.br\\\/#website\",\"url\":\"https:\\\/\\\/sisvida.com.br\\\/\",\"name\":\"VIDA - Software para Laborat\u00f3rio\",\"description\":\"Software para Laborat\u00f3rio 100% Web\",\"publisher\":{\"@id\":\"https:\\\/\\\/sisvida.com.br\\\/#organization\"},\"potentialAction\":[{\"@type\":\"SearchAction\",\"target\":{\"@type\":\"EntryPoint\",\"urlTemplate\":\"https:\\\/\\\/sisvida.com.br\\\/?s={search_term_string}\"},\"query-input\":{\"@type\":\"PropertyValueSpecification\",\"valueRequired\":true,\"valueName\":\"search_term_string\"}}],\"inLanguage\":\"pt-BR\"},{\"@type\":\"Organization\",\"@id\":\"https:\\\/\\\/sisvida.com.br\\\/#organization\",\"name\":\"VIDA - Software para Laborat\u00f3rio\",\"url\":\"https:\\\/\\\/sisvida.com.br\\\/\",\"logo\":{\"@type\":\"ImageObject\",\"inLanguage\":\"pt-BR\",\"@id\":\"https:\\\/\\\/sisvida.com.br\\\/#\\\/schema\\\/logo\\\/image\\\/\",\"url\":\"https:\\\/\\\/sisvida.com.br\\\/wp-content\\\/uploads\\\/2021\\\/03\\\/logo@2x.png\",\"contentUrl\":\"https:\\\/\\\/sisvida.com.br\\\/wp-content\\\/uploads\\\/2021\\\/03\\\/logo@2x.png\",\"width\":600,\"height\":153,\"caption\":\"VIDA - Software para Laborat\u00f3rio\"},\"image\":{\"@id\":\"https:\\\/\\\/sisvida.com.br\\\/#\\\/schema\\\/logo\\\/image\\\/\"}}]}<\/script>\n<!-- \/ Yoast SEO Premium plugin. -->","yoast_head_json":{"title":"Quem Somos - VIDA - Software para Laborat\u00f3rio","robots":{"index":"index","follow":"follow","max-snippet":"max-snippet:-1","max-image-preview":"max-image-preview:large","max-video-preview":"max-video-preview:-1"},"canonical":"https:\/\/sisvida.com.br\/index.php\/quem-somos\/","og_locale":"pt_BR","og_type":"article","og_title":"Quem Somos","og_description":"A Techmobil A Techmobil foi criada em janeiro de 2005 e desde ent\u00e3o trabalha no desenvolvimento de solu\u00e7\u00f5es em software sempre buscando a inova\u00e7\u00e3o, mobilidade, confiabilidade, alta disponibilidade e desempenho. J\u00e1 tendo desenvolvido diversos outros sistemas, atualmente a Techmobil dedica-se exclusivamente \u00e0 evolu\u00e7\u00e3o, manuten\u00e7\u00e3o, implanta\u00e7\u00e3o e suporte do VIDA. O Sistema VIDA \u00e9 software completo [&hellip;]","og_url":"https:\/\/sisvida.com.br\/index.php\/quem-somos\/","og_site_name":"VIDA - Software para Laborat\u00f3rio","article_modified_time":"2025-10-29T19:22:24+00:00","og_image":[{"url":"https:\/\/sisvida.com.br\/wp-content\/uploads\/2021\/05\/logo-tech1.png","type":"","width":"","height":""}],"twitter_card":"summary_large_image","twitter_misc":{"Est. tempo de leitura":"2 minutos"},"schema":{"@context":"https:\/\/schema.org","@graph":[{"@type":"WebPage","@id":"https:\/\/sisvida.com.br\/index.php\/quem-somos\/","url":"https:\/\/sisvida.com.br\/index.php\/quem-somos\/","name":"Quem Somos - VIDA - Software para Laborat\u00f3rio","isPartOf":{"@id":"https:\/\/sisvida.com.br\/#website"},"primaryImageOfPage":{"@id":"https:\/\/sisvida.com.br\/index.php\/quem-somos\/#primaryimage"},"image":{"@id":"https:\/\/sisvida.com.br\/index.php\/quem-somos\/#primaryimage"},"thumbnailUrl":"https:\/\/sisvida.com.br\/wp-content\/uploads\/2021\/05\/logo-tech1.png","datePublished":"2021-03-10T14:59:17+00:00","dateModified":"2025-10-29T19:22:24+00:00","breadcrumb":{"@id":"https:\/\/sisvida.com.br\/index.php\/quem-somos\/#breadcrumb"},"inLanguage":"pt-BR","potentialAction":[{"@type":"ReadAction","target":["https:\/\/sisvida.com.br\/index.php\/quem-somos\/"]}]},{"@type":"ImageObject","inLanguage":"pt-BR","@id":"https:\/\/sisvida.com.br\/index.php\/quem-somos\/#primaryimage","url":"https:\/\/sisvida.com.br\/wp-content\/uploads\/2021\/05\/logo-tech1.png","contentUrl":"https:\/\/sisvida.com.br\/wp-content\/uploads\/2021\/05\/logo-tech1.png","width":800,"height":800},{"@type":"BreadcrumbList","@id":"https:\/\/sisvida.com.br\/index.php\/quem-somos\/#breadcrumb","itemListElement":[{"@type":"ListItem","position":1,"name":"In\u00edcio","item":"https:\/\/sisvida.com.br\/"},{"@type":"ListItem","position":2,"name":"Quem Somos"}]},{"@type":"WebSite","@id":"https:\/\/sisvida.com.br\/#website","url":"https:\/\/sisvida.com.br\/","name":"VIDA - Software para Laborat\u00f3rio","description":"Software para Laborat\u00f3rio 100% Web","publisher":{"@id":"https:\/\/sisvida.com.br\/#organization"},"potentialAction":[{"@type":"SearchAction","target":{"@type":"EntryPoint","urlTemplate":"https:\/\/sisvida.com.br\/?s={search_term_string}"},"query-input":{"@type":"PropertyValueSpecification","valueRequired":true,"valueName":"search_term_string"}}],"inLanguage":"pt-BR"},{"@type":"Organization","@id":"https:\/\/sisvida.com.br\/#organization","name":"VIDA - Software para Laborat\u00f3rio","url":"https:\/\/sisvida.com.br\/","logo":{"@type":"ImageObject","inLanguage":"pt-BR","@id":"https:\/\/sisvida.com.br\/#\/schema\/logo\/image\/","url":"https:\/\/sisvida.com.br\/wp-content\/uploads\/2021\/03\/logo@2x.png","contentUrl":"https:\/\/sisvida.com.br\/wp-content\/uploads\/2021\/03\/logo@2x.png","width":600,"height":153,"caption":"VIDA - Software para Laborat\u00f3rio"},"image":{"@id":"https:\/\/sisvida.com.br\/#\/schema\/logo\/image\/"}}]}},"_links":{"self":[{"href":"https:\/\/sisvida.com.br\/index.php\/wp-json\/wp\/v2\/pages\/10","targetHints":{"allow":["GET"]}}],"collection":[{"href":"https:\/\/sisvida.com.br\/index.php\/wp-json\/wp\/v2\/pages"}],"about":[{"href":"https:\/\/sisvida.com.br\/index.php\/wp-json\/wp\/v2\/types\/page"}],"author":[{"embeddable":true,"href":"https:\/\/sisvida.com.br\/index.php\/wp-json\/wp\/v2\/users\/1"}],"replies":[{"embeddable":true,"href":"https:\/\/sisvida.com.br\/index.php\/wp-json\/wp\/v2\/comments?post=10"}],"version-history":[{"count":32,"href":"https:\/\/sisvida.com.br\/index.php\/wp-json\/wp\/v2\/pages\/10\/revisions"}],"predecessor-version":[{"id":1669,"href":"https:\/\/sisvida.com.br\/index.php\/wp-json\/wp\/v2\/pages\/10\/revisions\/1669"}],"wp:attachment":[{"href":"https:\/\/sisvida.com.br\/index.php\/wp-json\/wp\/v2\/media?parent=10"}],"curies":[{"name":"wp","href":"https:\/\/api.w.org\/{rel}","templated":true}]}}